{"id":38,"date":"2024-10-09T19:12:57","date_gmt":"2024-10-09T19:12:57","guid":{"rendered":"https:\/\/dev1.n2nsoftwaredevelopment.de\/?page_id=38"},"modified":"2025-01-18T12:24:40","modified_gmt":"2025-01-18T10:24:40","slug":"1-2","status":"publish","type":"page","link":"https:\/\/www.sk-weidhausen1989.de\/","title":{"rendered":"Startseite"},"content":{"rendered":"<p>[et_pb_section fb_built=&#8220;1&#8243; custom_padding_last_edited=&#8220;off|desktop&#8220; next_background_color=&#8220;#ffffff&#8220; admin_label=&#8220;Header&#8220; _builder_version=&#8220;4.27.2&#8243; _module_preset=&#8220;default&#8220; background_color=&#8220;#009ed5&#8243; use_background_color_gradient=&#8220;on&#8220; background_color_gradient_stops=&#8220;#009ed5 32%|rgba(0,153,214,0.21) 98%&#8220; background_color_gradient_overlays_image=&#8220;on&#8220; background_color_gradient_start=&#8220;#111821&#8243; background_color_gradient_start_position=&#8220;31%&#8220; background_color_gradient_end=&#8220;rgba(17,24,33,0.71)&#8220; background_image=&#8220;https:\/\/www.sk-weidhausen1989.de\/wp-content\/uploads\/2024\/10\/Chess-Club_Pattern_100-Golden.png&#8220; background_size=&#8220;initial&#8220; background_repeat=&#8220;repeat&#8220; custom_margin=&#8220;||9vw||false|false&#8220; custom_padding=&#8220;25px||0px||false|false&#8220; custom_padding_tablet=&#8220;||24vw||false|false&#8220; bottom_divider_style=&#8220;arrow&#8220; bottom_divider_height=&#8220;12vw&#8220; global_colors_info=&#8220;{}&#8220;][et_pb_row _builder_version=&#8220;4.27.0&#8243; _module_preset=&#8220;default&#8220; max_width=&#8220;none&#8220; custom_padding=&#8220;3px|||||&#8220; global_colors_info=&#8220;{}&#8220;][et_pb_column type=&#8220;4_4&#8243; _builder_version=&#8220;4.16&#8243; _module_preset=&#8220;default&#8220; global_colors_info=&#8220;{}&#8220;][et_pb_text _builder_version=&#8220;4.27.2&#8243; _module_preset=&#8220;1505492d-8e6d-4839-8cf2-3234560c7aaf&#8220; text_font=&#8220;||||||||&#8220; text_text_color=&#8220;#000000&#8243; header_font=&#8220;Abhaya Libre|700|||||||&#8220; header_text_color=&#8220;#000000&#8243; header_font_size=&#8220;6vw&#8220; header_line_height=&#8220;1.1em&#8220; header_2_font=&#8220;||||||||&#8220; header_2_font_size=&#8220;20px&#8220; header_font_size_tablet=&#8220;40px&#8220; header_font_size_phone=&#8220;24px&#8220; header_font_size_last_edited=&#8220;on|phone&#8220; global_colors_info=&#8220;{}&#8220;]<\/p>\n<h1>SK 1989 WEIDHAUSEN e.V.<\/h1>\n<p>&nbsp;<\/p>\n<p>[\/et_pb_text][\/et_pb_column][\/et_pb_row][et_pb_row _builder_version=&#8220;4.16&#8243; _module_preset=&#8220;default&#8220; width=&#8220;100%&#8220; max_width=&#8220;none&#8220; custom_margin=&#8220;-50px|auto||auto||&#8220; locked=&#8220;off&#8220; global_colors_info=&#8220;{}&#8220;][et_pb_column type=&#8220;4_4&#8243; _builder_version=&#8220;4.16&#8243; _module_preset=&#8220;default&#8220; global_colors_info=&#8220;{}&#8220;][et_pb_image src=&#8220;https:\/\/www.sk-weidhausen1989.de\/wp-content\/uploads\/2024\/10\/chess-01-1.png&#8220; title_text=&#8220;chess-01&#8243; align=&#8220;center&#8220; _builder_version=&#8220;4.27.2&#8243; _module_preset=&#8220;default&#8220; width_last_edited=&#8220;off|phone&#8220; height=&#8220;400px&#8220; height_tablet=&#8220;400px&#8220; height_phone=&#8220;227px&#8220; height_last_edited=&#8220;on|tablet&#8220; custom_margin=&#8220;-44px||-14vw||false|false&#8220; custom_padding=&#8220;||0px|||&#8220; global_colors_info=&#8220;{}&#8220;][\/et_pb_image][\/et_pb_column][\/et_pb_row][\/et_pb_section][et_pb_section fb_built=&#8220;1&#8243; admin_label=&#8220;Blog&#8220; _builder_version=&#8220;4.16&#8243; _module_preset=&#8220;default&#8220; custom_padding=&#8220;0px|||||&#8220; global_colors_info=&#8220;{}&#8220;][et_pb_row column_structure=&#8220;2_5,3_5&#8243; _builder_version=&#8220;4.27.2&#8243; _module_preset=&#8220;default&#8220; custom_padding=&#8220;||7px|||&#8220; global_colors_info=&#8220;{}&#8220;][et_pb_column type=&#8220;2_5&#8243; _builder_version=&#8220;4.27.2&#8243; _module_preset=&#8220;default&#8220; global_colors_info=&#8220;{}&#8220;][et_pb_image src=&#8220;https:\/\/www.sk-weidhausen1989.de\/wp-content\/uploads\/2024\/10\/chess-club-icon-01.png&#8220; title_text=&#8220;chess-club-icon-01&#8243; align=&#8220;right&#8220; _builder_version=&#8220;4.27.2&#8243; _module_preset=&#8220;default&#8220; locked=&#8220;off&#8220; global_colors_info=&#8220;{}&#8220;][\/et_pb_image][\/et_pb_column][et_pb_column type=&#8220;3_5&#8243; _builder_version=&#8220;4.27.2&#8243; _module_preset=&#8220;default&#8220; global_colors_info=&#8220;{}&#8220;][et_pb_text _builder_version=&#8220;4.27.2&#8243; _module_preset=&#8220;83d94e9b-bff8-4c15-9e33-e7b1a7a21887&#8243; header_font=&#8220;Cormorant Garamond||||||||&#8220; header_2_font=&#8220;Cormorant Garamond|700||on|||||&#8220; header_2_text_color=&#8220;#111821&#8243; header_2_font_size=&#8220;64px&#8220; header_2_line_height=&#8220;1.1em&#8220; min_height=&#8220;80.4px&#8220; custom_margin=&#8220;||10px||false|false&#8220; custom_padding=&#8220;17px|||||&#8220; header_2_font_size_tablet=&#8220;32px&#8220; header_2_font_size_phone=&#8220;20px&#8220; locked=&#8220;off&#8220; global_colors_info=&#8220;{}&#8220;]<\/p>\n<h2 style=\"text-align: left;\">NEUIGKEITEN<\/h2>\n<p>[\/et_pb_text][\/et_pb_column][\/et_pb_row][et_pb_row use_custom_gutter=&#8220;on&#8220; gutter_width=&#8220;2&#8243; _builder_version=&#8220;4.16&#8243; _module_preset=&#8220;default&#8220; width=&#8220;90%&#8220; global_colors_info=&#8220;{}&#8220;][et_pb_column type=&#8220;4_4&#8243; _builder_version=&#8220;4.16&#8243; _module_preset=&#8220;default&#8220; global_colors_info=&#8220;{}&#8220;][et_pb_blog fullwidth=&#8220;off&#8220; posts_number=&#8220;3&#8243; include_categories=&#8220;1&#8243; show_more=&#8220;on&#8220; show_author=&#8220;off&#8220; show_categories=&#8220;off&#8220; show_pagination=&#8220;off&#8220; _builder_version=&#8220;4.27.2&#8243; _module_preset=&#8220;default&#8220; header_font=&#8220;Cormorant Garamond|700|||||||&#8220; header_text_color=&#8220;#1d1d1d&#8220; header_font_size=&#8220;20px&#8220; header_line_height=&#8220;1.3em&#8220; body_font=&#8220;Hind||||||||&#8220; body_text_color=&#8220;#999999&#8243; body_line_height=&#8220;1.8em&#8220; meta_font=&#8220;Hind|700|||||||&#8220; meta_text_color=&#8220;#999999&#8243; meta_font_size=&#8220;12px&#8220; meta_line_height=&#8220;1.6em&#8220; read_more_font=&#8220;Hind|600||on|||||&#8220; read_more_text_color=&#8220;#e84a37&#8243; read_more_font_size=&#8220;12px&#8220; read_more_letter_spacing=&#8220;1px&#8220; header_font_size_tablet=&#8220;18px&#8220; header_font_size_phone=&#8220;16px&#8220; header_font_size_last_edited=&#8220;on|desktop&#8220; border_color_all=&#8220;#f4f2ef&#8220; global_colors_info=&#8220;{}&#8220;][\/et_pb_blog][et_pb_button button_url=&#8220;@ET-DC@eyJkeW5hbWljIjp0cnVlLCJjb250ZW50IjoicG9zdF9saW5rX3VybF9wYWdlIiwic2V0dGluZ3MiOnsicG9zdF9pZCI6IjExMCJ9fQ==@&#8220; button_text=&#8220;mehr&#8220; button_alignment=&#8220;center&#8220; _builder_version=&#8220;4.27.2&#8243; _dynamic_attributes=&#8220;button_url&#8220; _module_preset=&#8220;65e1726f-7096-4993-9f20-d528bf018a6d&#8220; custom_button=&#8220;on&#8220; button_text_size=&#8220;14px&#8220; button_text_color=&#8220;#e84a37&#8243; button_border_width=&#8220;1px&#8220; button_border_color=&#8220;#e84a37&#8243; button_border_radius=&#8220;0px&#8220; button_letter_spacing=&#8220;1px&#8220; button_font=&#8220;Karla|700||on|||||&#8220; button_icon=&#8220;&#x24;||divi||400&#8243; button_on_hover=&#8220;off&#8220; custom_padding=&#8220;16px|48px|16px|30px|true|false&#8220; locked=&#8220;off&#8220; global_colors_info=&#8220;{}&#8220;][\/et_pb_button][\/et_pb_column][\/et_pb_row][et_pb_row column_structure=&#8220;1_6,1_6,1_6,1_6,1_6,1_6&#8243; _builder_version=&#8220;4.27.2&#8243; _module_preset=&#8220;default&#8220; width=&#8220;100%&#8220; max_width=&#8220;1776px&#8220; global_colors_info=&#8220;{}&#8220;][et_pb_column type=&#8220;1_6&#8243; _builder_version=&#8220;4.27.2&#8243; _module_preset=&#8220;default&#8220; global_colors_info=&#8220;{}&#8220;][et_pb_button button_url=&#8220;https:\/\/www.schachbund.de\/verein\/25413.html&#8220; url_new_window=&#8220;on&#8220; button_text=&#8220;DWZ-SK Weidhausen&#8220; button_alignment=&#8220;center&#8220; _builder_version=&#8220;4.27.2&#8243; _module_preset=&#8220;default&#8220; custom_button=&#8220;on&#8220; button_text_size=&#8220;16px&#8220; global_colors_info=&#8220;{}&#8220;][\/et_pb_button][\/et_pb_column][et_pb_column type=&#8220;1_6&#8243; _builder_version=&#8220;4.27.2&#8243; _module_preset=&#8220;default&#8220; global_colors_info=&#8220;{}&#8220;][et_pb_button button_url=&#8220;schachkreis-cnlk.de&#8220; url_new_window=&#8220;on&#8220; button_text=&#8220;Kreisverband CNLK&#8220; button_alignment=&#8220;center&#8220; _builder_version=&#8220;4.27.2&#8243; _module_preset=&#8220;default&#8220; custom_button=&#8220;on&#8220; button_text_size=&#8220;16px&#8220; hover_enabled=&#8220;0&#8243; global_colors_info=&#8220;{}&#8220; sticky_enabled=&#8220;0&#8243;][\/et_pb_button][\/et_pb_column][et_pb_column type=&#8220;1_6&#8243; _builder_version=&#8220;4.27.2&#8243; _module_preset=&#8220;default&#8220; global_colors_info=&#8220;{}&#8220;][et_pb_button button_url=&#8220;https:\/\/schachbezirk-oberfranken.de\/&#8220; url_new_window=&#8220;on&#8220; button_text=&#8220;Bezirksverband Oberfranken&#8220; button_alignment=&#8220;center&#8220; _builder_version=&#8220;4.27.2&#8243; _module_preset=&#8220;default&#8220; custom_button=&#8220;on&#8220; button_text_size=&#8220;16px&#8220; global_colors_info=&#8220;{}&#8220;][\/et_pb_button][\/et_pb_column][et_pb_column type=&#8220;1_6&#8243; _builder_version=&#8220;4.27.2&#8243; _module_preset=&#8220;default&#8220; global_colors_info=&#8220;{}&#8220;][et_pb_button button_url=&#8220;https:\/\/www.schachbund-bayern.de\/&#8220; url_new_window=&#8220;on&#8220; button_text=&#8220;Bayerischer Schachbund&#8220; button_alignment=&#8220;center&#8220; _builder_version=&#8220;4.27.2&#8243; _module_preset=&#8220;default&#8220; custom_button=&#8220;on&#8220; button_text_size=&#8220;16px&#8220; global_colors_info=&#8220;{}&#8220;][\/et_pb_button][\/et_pb_column][et_pb_column type=&#8220;1_6&#8243; _builder_version=&#8220;4.27.2&#8243; _module_preset=&#8220;default&#8220; global_colors_info=&#8220;{}&#8220;][et_pb_button button_url=&#8220;https:\/\/www.schachbund.de\/&#8220; url_new_window=&#8220;on&#8220; button_text=&#8220;Deutscher Schachbund&#8220; button_alignment=&#8220;center&#8220; _builder_version=&#8220;4.27.2&#8243; _module_preset=&#8220;default&#8220; custom_button=&#8220;on&#8220; button_text_size=&#8220;16px&#8220; global_colors_info=&#8220;{}&#8220;][\/et_pb_button][\/et_pb_column][et_pb_column type=&#8220;1_6&#8243; _builder_version=&#8220;4.27.2&#8243; _module_preset=&#8220;default&#8220; global_colors_info=&#8220;{}&#8220;][et_pb_button button_url=&#8220;https:\/\/steffans-schachseiten.de\/&#8220; url_new_window=&#8220;on&#8220; button_text=&#8220;Steffans Schachseiten&#8220; button_alignment=&#8220;center&#8220; _builder_version=&#8220;4.27.2&#8243; _module_preset=&#8220;default&#8220; custom_button=&#8220;on&#8220; button_text_size=&#8220;16px&#8220; global_colors_info=&#8220;{}&#8220;][\/et_pb_button][\/et_pb_column][\/et_pb_row][\/et_pb_section][et_pb_section fb_built=&#8220;1&#8243; custom_padding_last_edited=&#8220;off|desktop&#8220; admin_label=&#8220;About&#8220; _builder_version=&#8220;4.27.0&#8243; _module_preset=&#8220;default&#8220; background_image=&#8220;https:\/\/www.sk-weidhausen1989.de\/wp-content\/uploads\/2024\/10\/Chess-Club_Pattern_100-Golden.png&#8220; background_size=&#8220;initial&#8220; background_repeat=&#8220;repeat&#8220; custom_padding=&#8220;42px||42px||true|false&#8220; custom_padding_tablet=&#8220;||0px||false|false&#8220; global_colors_info=&#8220;{}&#8220;][et_pb_row column_structure=&#8220;2_5,3_5&#8243; make_equal=&#8220;on&#8220; _builder_version=&#8220;4.27.2&#8243; _module_preset=&#8220;default&#8220; width=&#8220;90%&#8220; custom_padding=&#8220;0px||0px||true|false&#8220; box_shadow_style=&#8220;preset4&#8243; box_shadow_horizontal=&#8220;30vw&#8220; box_shadow_vertical=&#8220;0px&#8220; box_shadow_color=&#8220;#FFFFFF&#8220; global_colors_info=&#8220;{}&#8220;][et_pb_column type=&#8220;2_5&#8243; _builder_version=&#8220;4.16&#8243; _module_preset=&#8220;default&#8220; z_index=&#8220;10&#8243; custom_padding=&#8220;20px|20px|20px|20px|true|true&#8220; global_colors_info=&#8220;{}&#8220;][et_pb_image src=&#8220;https:\/\/www.sk-weidhausen1989.de\/wp-content\/uploads\/2024\/10\/chess-02.png&#8220; title_text=&#8220;chess-02&#8243; _builder_version=&#8220;4.16&#8243; _module_preset=&#8220;default&#8220; positioning=&#8220;absolute&#8220; position_origin_a=&#8220;bottom_right&#8220; position_origin_a_tablet=&#8220;&#8220; position_origin_a_phone=&#8220;&#8220; position_origin_a_last_edited=&#8220;on|tablet&#8220; position_origin_f_tablet=&#8220;&#8220; position_origin_f_phone=&#8220;&#8220; position_origin_f_last_edited=&#8220;on|tablet&#8220; position_origin_r_tablet=&#8220;&#8220; position_origin_r_phone=&#8220;&#8220; position_origin_r_last_edited=&#8220;on|tablet&#8220; custom_margin=&#8220;|-26%|-9vw|-16vw|false|false&#8220; custom_margin_tablet=&#8220;|0%|0vw|0vw|false|false&#8220; custom_margin_phone=&#8220;&#8220; custom_margin_last_edited=&#8220;on|tablet&#8220; positioning_tablet=&#8220;none&#8220; positioning_phone=&#8220;&#8220; positioning_last_edited=&#8220;on|tablet&#8220; global_colors_info=&#8220;{}&#8220;][\/et_pb_image][\/et_pb_column][et_pb_column type=&#8220;3_5&#8243; _builder_version=&#8220;4.27.2&#8243; _module_preset=&#8220;default&#8220; background_color=&#8220;#111821&#8243; custom_padding=&#8220;70px|50px|180px|60px|false|false&#8220; custom_padding_tablet=&#8220;30px|30px|110px|30px|false|true&#8220; custom_padding_phone=&#8220;|20px||20px|false|true&#8220; custom_padding_last_edited=&#8220;on|tablet&#8220; global_colors_info=&#8220;{%22gcid-80b77e1f-93e8-4a85-a1df-037eae045dc8%22:%91%93}&#8220;][et_pb_image src=&#8220;https:\/\/www.sk-weidhausen1989.de\/wp-content\/uploads\/2024\/10\/chess-club-icon-08.png&#8220; title_text=&#8220;chess-club-icon-08&#8243; _builder_version=&#8220;4.16&#8243; _module_preset=&#8220;default&#8220; locked=&#8220;off&#8220; global_colors_info=&#8220;{}&#8220;][\/et_pb_image][et_pb_text _builder_version=&#8220;4.27.0&#8243; _module_preset=&#8220;0874a7ef-fda6-4460-964c-06187d4d2262&#8243; header_4_font=&#8220;Hind|600||on|||||&#8220; header_4_text_color=&#8220;#CCBBA7&#8243; header_4_font_size=&#8220;14px&#8220; header_4_letter_spacing=&#8220;1px&#8220; header_4_line_height=&#8220;1.5em&#8220; custom_margin=&#8220;||0px||false|false&#8220; header_4_font_size_last_edited=&#8220;off|phone&#8220; global_colors_info=&#8220;{}&#8220;]<\/p>\n<h4>Komm zu uns!<\/h4>\n<p>[\/et_pb_text][et_pb_text _builder_version=&#8220;4.27.0&#8243; _module_preset=&#8220;83d94e9b-bff8-4c15-9e33-e7b1a7a21887&#8243; header_font=&#8220;Cormorant Garamond||||||||&#8220; header_2_font=&#8220;Cormorant Garamond|700||on|||||&#8220; header_2_text_color=&#8220;#F0E1D1&#8243; header_2_font_size=&#8220;55px&#8220; header_2_line_height=&#8220;1.1em&#8220; custom_margin=&#8220;||10px||false|false&#8220; header_2_font_size_tablet=&#8220;32px&#8220; header_2_font_size_phone=&#8220;20px&#8220; global_colors_info=&#8220;{}&#8220;]<\/p>\n<h2>Alle Alters- und Leistungsstufen<\/h2>\n<p>[\/et_pb_text][et_pb_text _builder_version=&#8220;4.27.2&#8243; _module_preset=&#8220;102bef9d-a6b9-41f0-af77-1ed5b7bd0593&#8243; text_font=&#8220;Hind||||||||&#8220; text_text_color=&#8220;#999999&#8243; text_font_size=&#8220;16px&#8220; text_line_height=&#8220;1.8em&#8220; custom_margin=&#8220;||37px|||&#8220; text_font_size_tablet=&#8220;15px&#8220; text_font_size_phone=&#8220;14px&#8220; text_font_size_last_edited=&#8220;on|desktop&#8220; global_colors_info=&#8220;{}&#8220;]<\/p>\n<p>Entdecken Sie den Schachklub Weidhausen, eine einladende Gemeinschaft f\u00fcr Menschen jeden Alters und jeder F\u00e4higkeit. Hier finden Neulinge und fortgeschrittene Spieler einen Ort zum Lernen, Spielen und Freundschaften schlie\u00dfen. Genie\u00dfen Sie unsere vielf\u00e4ltigen Angebote, die sowohl strategisches Lernen als auch entspanntes Spielen erm\u00f6glichen. Treten Sie unserer dynamischen Gemeinschaft bei und erleben Sie pers\u00f6nliche Entwicklung sowie wertvolle soziale Kontakte.<\/p>\n<p>[\/et_pb_text][et_pb_button button_url=&#8220;@ET-DC@eyJkeW5hbWljIjp0cnVlLCJjb250ZW50IjoicG9zdF9saW5rX3VybF9wYWdlIiwic2V0dGluZ3MiOnsicG9zdF9pZCI6IjEyMSJ9fQ==@&#8220; button_text=&#8220;Anfahrt&#8220; button_alignment=&#8220;center&#8220; _builder_version=&#8220;4.27.2&#8243; _dynamic_attributes=&#8220;button_url&#8220; _module_preset=&#8220;6d0d9ca5-a6e6-418e-915e-bb80addcc2b6&#8243; custom_button=&#8220;on&#8220; button_text_size=&#8220;14px&#8220; button_text_color=&#8220;#FFFFFF&#8220; button_bg_color=&#8220;#009ed5&#8243; button_border_width=&#8220;0px&#8220; button_border_radius=&#8220;0px&#8220; button_letter_spacing=&#8220;1px&#8220; button_font=&#8220;Karla|700||on|||||&#8220; button_use_icon=&#8220;off&#8220; custom_padding=&#8220;15px|30px|15px|30px|true|true&#8220; locked=&#8220;off&#8220; global_colors_info=&#8220;{}&#8220;][\/et_pb_button][et_pb_text _builder_version=&#8220;4.27.2&#8243; _module_preset=&#8220;102bef9d-a6b9-41f0-af77-1ed5b7bd0593&#8243; text_font=&#8220;Hind|500|||||||&#8220; text_text_color=&#8220;#999999&#8243; text_font_size=&#8220;18px&#8220; text_line_height=&#8220;1.8em&#8220; custom_margin=&#8220;||-94px|||&#8220; custom_padding=&#8220;||0px|||&#8220; text_font_size_tablet=&#8220;15px&#8220; text_font_size_phone=&#8220;14px&#8220; text_font_size_last_edited=&#8220;on|desktop&#8220; global_colors_info=&#8220;{}&#8220;]<\/p>\n<p><strong>Trainingsabend Jugendliche: Freitag ab 18.30 Uhr<\/strong><br \/><strong>Traingsabend Erwachsenen: Freitag ab 19.00 Uhr<\/strong><br \/><strong>Im Tell-Sch\u00fctzenhaus<\/strong><\/p>\n<p>[\/et_pb_text][\/et_pb_column][\/et_pb_row][et_pb_row column_structure=&#8220;1_3,1_3,1_3&#8243; use_custom_gutter=&#8220;on&#8220; gutter_width=&#8220;1&#8243; make_equal=&#8220;on&#8220; _builder_version=&#8220;4.27.2&#8243; _module_preset=&#8220;default&#8220; background_color=&#8220;#111821&#8243; custom_margin=&#8220;4.9%|auto|-4px|auto|false|false&#8220; custom_margin_tablet=&#8220;10%||||false|false&#8220; custom_margin_phone=&#8220;15%||||false|false&#8220; custom_margin_last_edited=&#8220;on|phone&#8220; custom_padding=&#8220;0px||0px||true|false&#8220; border_width_all=&#8220;1px&#8220; border_color_all=&#8220;#f0e1d1&#8243; global_colors_info=&#8220;{}&#8220;][et_pb_column type=&#8220;1_3&#8243; _builder_version=&#8220;4.16&#8243; _module_preset=&#8220;default&#8220; custom_padding=&#8220;40px|20px|40px|20px|true|true&#8220; border_width_right=&#8220;1px&#8220; border_color_right=&#8220;#f0e1d1&#8243; border_color_bottom=&#8220;#f0e1d1&#8243; border_radii_tablet=&#8220;&#8220; border_radii_phone=&#8220;&#8220; border_radii_last_edited=&#8220;on|tablet&#8220; global_colors_info=&#8220;{}&#8220;][et_pb_text _builder_version=&#8220;4.27.2&#8243; _module_preset=&#8220;0874a7ef-fda6-4460-964c-06187d4d2262&#8243; header_4_font=&#8220;Hind|600||on|||||&#8220; header_4_text_color=&#8220;#CCBBA7&#8243; header_4_font_size=&#8220;14px&#8220; header_4_letter_spacing=&#8220;1px&#8220; header_4_line_height=&#8220;1.5em&#8220; custom_margin=&#8220;||0px||false|false&#8220; header_4_font_size_last_edited=&#8220;off|phone&#8220; locked=&#8220;off&#8220; global_colors_info=&#8220;{}&#8220;]<\/p>\n<h4>Email<\/h4>\n<h4><\/h4>\n<p>[\/et_pb_text][et_pb_text _builder_version=&#8220;4.27.2&#8243; _module_preset=&#8220;default&#8220; text_font=&#8220;Cormorant Garamond||||||||&#8220; text_text_color=&#8220;#f0e1d1&#8243; text_font_size=&#8220;20px&#8220; link_text_color=&#8220;#F0E1D1&#8243; link_option_url=&#8220;#&#8220; text_font_size_tablet=&#8220;18px&#8220; text_font_size_phone=&#8220;16px&#8220; text_font_size_last_edited=&#8220;on|phone&#8220; locked=&#8220;off&#8220; global_colors_info=&#8220;{}&#8220;]<\/p>\n<p><a href=\"mailto:hello@divichess.com\">olaf.knauer@sk-weidhausen1989.de<\/a><\/p>\n<p>[\/et_pb_text][\/et_pb_column][et_pb_column type=&#8220;1_3&#8243; _builder_version=&#8220;4.16&#8243; _module_preset=&#8220;default&#8220; custom_padding=&#8220;40px|20px|40px|20px|true|true&#8220; border_width_right=&#8220;1px&#8220; border_color_right=&#8220;#f0e1d1&#8243; border_color_bottom=&#8220;#f0e1d1&#8243; border_radii_tablet=&#8220;&#8220; border_radii_phone=&#8220;&#8220; border_radii_last_edited=&#8220;on|tablet&#8220; global_colors_info=&#8220;{}&#8220;][et_pb_text _builder_version=&#8220;4.27.2&#8243; _module_preset=&#8220;0874a7ef-fda6-4460-964c-06187d4d2262&#8243; header_4_font=&#8220;Hind|600||on|||||&#8220; header_4_text_color=&#8220;#CCBBA7&#8243; header_4_font_size=&#8220;14px&#8220; header_4_letter_spacing=&#8220;1px&#8220; header_4_line_height=&#8220;1.5em&#8220; custom_margin=&#8220;||0px||false|false&#8220; header_4_font_size_last_edited=&#8220;off|phone&#8220; global_colors_info=&#8220;{}&#8220;]<\/p>\n<h4>Telefon<\/h4>\n<h4><\/h4>\n<p>[\/et_pb_text][et_pb_text _builder_version=&#8220;4.27.2&#8243; _module_preset=&#8220;default&#8220; text_font=&#8220;Cormorant Garamond||||||||&#8220; text_text_color=&#8220;#f0e1d1&#8243; text_font_size=&#8220;20px&#8220; link_font=&#8220;Cormorant Garamond||||||||&#8220; link_text_color=&#8220;#f0e1d1&#8243; link_font_size=&#8220;20px&#8220; link_line_height=&#8220;1.3em&#8220; text_font_size_tablet=&#8220;18px&#8220; text_font_size_phone=&#8220;16px&#8220; text_font_size_last_edited=&#8220;on|phone&#8220; link_font_size_tablet=&#8220;18px&#8220; link_font_size_phone=&#8220;&#8220; link_font_size_last_edited=&#8220;on|phone&#8220; global_colors_info=&#8220;{}&#8220;]<\/p>\n<p>0176 55087348<\/p>\n<p>[\/et_pb_text][\/et_pb_column][et_pb_column type=&#8220;1_3&#8243; _builder_version=&#8220;4.16&#8243; _module_preset=&#8220;default&#8220; custom_padding=&#8220;40px|20px|40px|20px|true|true&#8220; border_radii_tablet=&#8220;&#8220; border_radii_phone=&#8220;&#8220; border_radii_last_edited=&#8220;on|tablet&#8220; global_colors_info=&#8220;{}&#8220;][et_pb_text _builder_version=&#8220;4.27.2&#8243; _module_preset=&#8220;0874a7ef-fda6-4460-964c-06187d4d2262&#8243; header_4_font=&#8220;Hind|600||on|||||&#8220; header_4_text_color=&#8220;#CCBBA7&#8243; header_4_font_size=&#8220;14px&#8220; header_4_letter_spacing=&#8220;1px&#8220; header_4_line_height=&#8220;1.5em&#8220; custom_margin=&#8220;||0px||false|false&#8220; header_4_font_size_last_edited=&#8220;off|phone&#8220; locked=&#8220;off&#8220; global_colors_info=&#8220;{}&#8220;]<\/p>\n<h4>Folge uns<\/h4>\n<p>[\/et_pb_text][et_pb_social_media_follow _builder_version=&#8220;4.27.2&#8243; _module_preset=&#8220;default&#8220; text_orientation=&#8220;center&#8220; global_colors_info=&#8220;{}&#8220;][et_pb_social_media_follow_network social_network=&#8220;facebook&#8220; url=&#8220;https:\/\/www.facebook.com\/SchachklubWeidhausen&#8220; icon_color=&#8220;#6c7582&#8243; _builder_version=&#8220;4.27.2&#8243; _module_preset=&#8220;default&#8220; background_enable_color=&#8220;off&#8220; border_width_all=&#8220;1px&#8220; border_color_all=&#8220;#6c7582&#8243; global_colors_info=&#8220;{}&#8220; follow_button=&#8220;off&#8220; url_new_window=&#8220;on&#8220;]facebook[\/et_pb_social_media_follow_network][et_pb_social_media_follow_network social_network=&#8220;instagram&#8220; url=&#8220;https:\/\/www.instagram.com\/schachklubweidhausen&#8220; icon_color=&#8220;#6c7582&#8243; _builder_version=&#8220;4.27.2&#8243; _module_preset=&#8220;default&#8220; background_color=&#8220;#ea2c59&#8243; background_enable_color=&#8220;off&#8220; border_width_all=&#8220;1px&#8220; border_color_all=&#8220;#6c7582&#8243; global_colors_info=&#8220;{}&#8220; follow_button=&#8220;off&#8220; url_new_window=&#8220;on&#8220;]instagram[\/et_pb_social_media_follow_network][\/et_pb_social_media_follow][\/et_pb_column][\/et_pb_row][\/et_pb_section]<\/p>\n","protected":false},"excerpt":{"rendered":"<p>SK 1989 WEIDHAUSEN e.V. &nbsp;NEUIGKEITENKomm zu uns!Alle Alters- und LeistungsstufenEntdecken Sie den Schachklub Weidhausen, eine einladende Gemeinschaft f\u00fcr Menschen jeden Alters und jeder F\u00e4higkeit. Hier finden Neulinge und fortgeschrittene Spieler einen Ort zum Lernen, Spielen und Freundschaften schlie\u00dfen. Genie\u00dfen Sie unsere vielf\u00e4ltigen Angebote, die sowohl strategisches Lernen als auch entspanntes Spielen erm\u00f6glichen. Treten Sie unserer [&hellip;]<\/p>\n","protected":false},"author":1,"featured_media":0,"parent":0,"menu_order":0,"comment_status":"closed","ping_status":"closed","template":"","meta":{"_et_pb_use_builder":"on","_et_pb_old_content":"","_et_gb_content_width":"","footnotes":""},"class_list":["post-38","page","type-page","status-publish","hentry"],"_links":{"self":[{"href":"https:\/\/www.sk-weidhausen1989.de\/index.php?rest_route=\/wp\/v2\/pages\/38","targetHints":{"allow":["GET"]}}],"collection":[{"href":"https:\/\/www.sk-weidhausen1989.de\/index.php?rest_route=\/wp\/v2\/pages"}],"about":[{"href":"https:\/\/www.sk-weidhausen1989.de\/index.php?rest_route=\/wp\/v2\/types\/page"}],"author":[{"embeddable":true,"href":"https:\/\/www.sk-weidhausen1989.de\/index.php?rest_route=\/wp\/v2\/users\/1"}],"replies":[{"embeddable":true,"href":"https:\/\/www.sk-weidhausen1989.de\/index.php?rest_route=%2Fwp%2Fv2%2Fcomments&post=38"}],"version-history":[{"count":5,"href":"https:\/\/www.sk-weidhausen1989.de\/index.php?rest_route=\/wp\/v2\/pages\/38\/revisions"}],"predecessor-version":[{"id":367,"href":"https:\/\/www.sk-weidhausen1989.de\/index.php?rest_route=\/wp\/v2\/pages\/38\/revisions\/367"}],"wp:attachment":[{"href":"https:\/\/www.sk-weidhausen1989.de\/index.php?rest_route=%2Fwp%2Fv2%2Fmedia&parent=38"}],"curies":[{"name":"wp","href":"https:\/\/api.w.org\/{rel}","templated":true}]}}